{"id":61,"date":"2023-02-15T19:15:33","date_gmt":"2023-02-15T22:15:33","guid":{"rendered":"https:\/\/otra-otro.org\/esp\/?page_id=61"},"modified":"2026-03-19T17:38:33","modified_gmt":"2026-03-19T20:38:33","slug":"e-books","status":"publish","type":"page","link":"https:\/\/otra-otro.org\/esp\/e-books\/","title":{"rendered":"e-Books"},"content":{"rendered":"<p align=\"left\" style=\"margin: 11px\"><span style=\"font-size: 12pt; color:#444444\"><img loading=\"lazy\" decoding=\"async\" class=\"size-full wp-image-146 alignright\" alt=\"foto002\" src=\"https:\/\/otra-otro.org\/esp\/wp-content\/uploads\/2026\/03\/tapalibro20260319.jpg\" width=\"350\" height=\"500\"><b>REVOLUCI\u00d3N en la MODA y los TEXTILES:<\/br>La NATURALEZA tiene DERECHOS.<\/b><\/span><\/p>\n<p align=\"left\" style=\"margin: 11px\"><span style=\"font-size: 12pt; color:#444444\">Evolucionar hacia los derechos de la naturaleza implica un cambio complejo y profundo: pasar del antropocentrismo al biocentrismo. Un desplazamiento exigente, pero absolutamente necesario.<\/span><\/p>\n<p align=\"left\" style=\"margin: 11px\"><span style=\"font-size: 12pt; color:#444444\">Al respecto, David Suzuki se\u00f1ala: \u201cSer\u00eda un signo de madurez para la humanidad admitir las profundas limitaciones del conocimiento humano y las consecuencias devastadoras derivadas de nuestras tecnolog\u00edas (a\u00fan primitivas, pero cargadas de poder). Esto marcar\u00eda el inicio de la sabidur\u00eda y abrir\u00eda la puerta a la esperanza de reencontrar nuestro lugar en el orden natural\u201d.<\/span><\/p>\n<p align=\"left\" style=\"margin: 11px\"><span style=\"font-size: 12pt; color:#444444\">Este libro se inscribe en esa b\u00fasqueda y propone explorar c\u00f3mo integrar los Derechos de la Naturaleza en el \u00e1mbito de la moda y los textiles.<\/span><\/p>\n<p align=\"left\" style=\"margin: 11px\"><span style=\"font-size: 12pt; color:#444444\">Para descargar el e-Book <a href=\"https:\/\/insignia.net.ar\/otraotro\/otraotro005.asp\" target=\"_blank\" rel=\"noopener\"><span style=\"color: #004448;\"><b>clickee aqu\u00ed<\/b><\/span><\/a><\/span><\/p>\n<p align=\"left\" style=\"margin: 11px\"><span style=\"font-size: 12pt; color:#444444\">&nbsp;<\/span><\/p>\n<p align=\"left\" style=\"margin: 11px\"><span style=\"font-size: 12pt; color:#444444\">&nbsp;<\/span><\/p>\n<p align=\"left\" style=\"margin: 11px\"><span style=\"font-size: 12pt; color:#444444\">&nbsp;<\/span><\/p>\n<p align=\"left\" style=\"margin: 11px\"><span style=\"font-size: 12pt; color:#444444\">&nbsp;<\/span><\/p>\n<p align=\"left\" style=\"margin: 11px\"><span style=\"font-size: 12pt; color:#444444\">&nbsp;<\/span><\/p>\n<p align=\"left\" style=\"margin: 11px\"><span style=\"font-size: 12pt; color:#444444\">&nbsp;<\/span><\/p>\n<p align=\"left\" style=\"margin: 11px\"><span style=\"font-size: 12pt; color:#444444\">&nbsp;<\/span><\/p>\n<p align=\"left\" style=\"margin: 11px\"><span style=\"font-size: 12pt; color:#444444\">&nbsp;<\/span><\/p>\n<p align=\"left\" style=\"margin: 11px\"><span style=\"font-size: 12pt; color:#444444\"><img loading=\"lazy\" decoding=\"async\" class=\"size-full wp-image-146 alignright\" alt=\"foto002\" src=\"https:\/\/otra-otro.org\/esp\/wp-content\/uploads\/2025\/03\/TAPALIBRO_ElOtroDiseno.jpeg\" width=\"350\" height=\"500\"><b>La OTRA MODA y el OTRO DISE\u00d1O.<\/b><\/span><\/p>\n<p align=\"left\" style=\"margin: 11px\"><span style=\"font-size: 12pt; color:#444444\">Es un libro que surge de Latinoam\u00e9rica. Entre el sello OTRA-OTRO y la Coalici\u00f3n ABYA YALA. De acad\u00e9micas\/os y no acad\u00e9micas\/os que han compartido -en este libro- sus visiones \/ pensamientos \/ aportes para fomentar el pensamiento cr\u00edtico teniendo una perspectiva diferente a la conocida en el dise\u00f1o y la moda. Hay que leerlos.<\/span><\/p>\n<p align=\"left\" style=\"margin: 11px\"><span style=\"font-size: 12pt; color:#444444\">Nuestro profundo agradecimiento a:<br \/>\n<b>Ileana Jalil Kentros<br \/>\nTamara Poblete<br \/>\nEnif Hern\u00e1ndez G\u00e1mez<br \/>\nJazm\u00edn Ruiz D\u00edaz Figueredo<br \/>\nMaria Ximena Betancourt Ruiz y Angela Liliana Dotor Robayo<br \/>\nMiguel Angel Gardetti<\/b><\/span><\/p>\n<p align=\"left\" style=\"margin: 11px\"><span style=\"font-size: 12pt; color:#444444\">Para descargar el e-Book <a href=\"https:\/\/insignia.net.ar\/otraotro\/otraotro004.asp\" target=\"_blank\" rel=\"noopener\"><span style=\"color: #004448;\"><b>clickee aqu\u00ed<\/b><\/span><\/a><\/span><\/p>\n<p align=\"left\" style=\"margin: 11px\"><span style=\"font-size: 12pt; color:#444444\">&nbsp;<\/span><\/p>\n<p align=\"left\" style=\"margin: 11px\"><span style=\"font-size: 12pt; color:#444444\">&nbsp;<\/span><\/p>\n<p align=\"left\" style=\"margin: 11px\"><span style=\"font-size: 12pt; color:#444444\">&nbsp;<\/span><\/p>\n<p align=\"left\" style=\"margin: 11px\"><span style=\"font-size: 12pt; color:#444444\">&nbsp;<\/span><\/p>\n<p align=\"left\" style=\"margin: 11px\"><span style=\"font-size: 12pt; color:#444444\">&nbsp;<\/span><\/p>\n<p align=\"left\" style=\"margin: 11px\"><span style=\"font-size: 12pt; color:#444444\">&nbsp;<\/span><\/p>\n<p align=\"left\" style=\"margin: 11px\"><span style=\"font-size: 12pt; color:#444444\"><img loading=\"lazy\" decoding=\"async\" class=\"size-full wp-image-146 alignright\" alt=\"foto002\" src=\"https:\/\/otra-otro.org\/esp\/wp-content\/uploads\/2024\/02\/TapaLibro002.jpeg\" width=\"350\" height=\"513\"><b>DISE\u00d1O Y MODA SOSTENIBLES: UNA MIRADA DECOLONIAL DE SU FRACASO.<\/b><\/span><\/p>\n<p align=\"left\" style=\"margin: 11px\"><span style=\"font-size: 12pt; color:#444444\">Este no es un libro convencional porque su g\u00e9nesis proviene de una semilla sagrada y su desarrollo fue colectivo con el objetivo de defender la Tierra.<\/span><\/p>\n<p align=\"left\" style=\"margin: 11px\"><span style=\"font-size: 12pt; color:#444444\">Lo \u201ccolectivo\u201d va m\u00e1s all\u00e1 de los nombres que aparecen en la tapa del libro. Las que aparecen son autoras que han hecho una gran contribuci\u00f3n y con las cuales hay que estar profundamente agradecidos: Erica de Greef y Angela Jansen, Jos\u00e9 Teunissen, Monica Botaj Moisin, LeeAnn Teal-Rutkovsky y Mar\u00eda Eugenia Polesello. Pero tambi\u00e9n gracias a Clelia O. Rodr\u00edguez, a Mama Nii Owoo, a Alexandra Rodriguez, a Moloiment Nagaret, a Margarita Ramirez, a Celeste Valero, muchas gracias a Daiana Miranda y gracias a Odaymar Cuesta. Sin sus esp\u00edritus, sin sus almas y sin sus ancestros este libro no hubiese sido posible.<\/span><\/p>\n<p align=\"left\" style=\"margin: 11px\"><span style=\"font-size: 12pt; color:#444444\">Para descargar el e-Book <a href=\"https:\/\/insignia.ar\/fv\/prog018\/aspsql\/descargarlibro.asp\" target=\"_blank\" rel=\"noopener\"><span style=\"color: #004448;\"><b>clickee aqu\u00ed<\/b><\/span><\/a><\/span><\/p>\n<p align=\"left\" style=\"margin: 11px\"><span style=\"font-size: 12pt; color:#444444\">&nbsp;<\/span><\/p>\n<p align=\"left\" style=\"margin: 11px\"><span style=\"font-size: 12pt; color:#444444\">&nbsp;<\/span><\/p>\n<p align=\"left\" style=\"margin: 11px\"><span style=\"font-size: 12pt; color:#444444\">&nbsp;<\/span><\/p>\n<p align=\"left\" style=\"margin: 11px\"><span style=\"font-size: 12pt; color:#444444\">&nbsp;<\/span><\/p>\n<p align=\"left\" style=\"margin: 11px\"><span style=\"font-size: 12pt; color:#444444\">&nbsp;<\/span><\/p>\n<p align=\"left\" style=\"margin: 11px\"><span style=\"font-size: 12pt; color:#444444\">&nbsp;<\/span><\/p>\n<p align=\"left\" style=\"margin: 11px\"><span style=\"font-size: 12pt; color:#444444\">&nbsp;<\/span><\/p>\n<p align=\"left\" style=\"margin: 11px\"><span style=\"font-size: 12pt; color:#444444\">&nbsp;<\/span><\/p>\n<p style=\"margin: 11px\"><span style=\"font-size: 12pt; color:#444444\"><img loading=\"lazy\" decoding=\"async\" class=\"size-full wp-image-146 alignright\" alt=\"foto002\" src=\"https:\/\/otra-otro.org\/esp\/wp-content\/uploads\/2023\/02\/libro01.jpg\" width=\"350\" height=\"500\">En este libro se proponen conceptualizaciones y cosmovisiones que son opuestas al sistema occidental. El libro pretende que el lector pueda escuchar y conocer lo que -normalmente- no se escucha y no se conoce en el mundo del dise\u00f1o y de la moda y poder as\u00ed, realizar un an\u00e1lisis cr\u00edtico y desarrollar en pensamiento cr\u00edtico. Pero no es una u otra voz. El desaf\u00edo es c\u00f3mo poder integrarlas.<\/span><\/p>\n<p align=\"left\" style=\"margin: 11px\"><span style=\"font-size: 12pt; color:#444444\">Para descargar el e-Book <b><a href=\"https:\/\/insignia.net.ar\/otraotro\/otraotro001.asp\" target=\"_blank\" rel=\"noopener\"><span color=\"#444444\">clickee aqu\u00ed<\/span><\/a><\/b>.<\/span><\/p>\n<p align=\"left\" style=\"margin: 11px\"><span style=\"font-size: 12pt; color:#444444\">&nbsp;<\/span><\/p>\n<p align=\"left\" style=\"margin: 11px\"><span style=\"font-size: 12pt; color:#444444\">&nbsp;<\/span><\/p>\n<p align=\"left\" style=\"margin: 11px\"><span style=\"font-size: 12pt; color:#444444\">&nbsp;<\/span><\/p>\n<p align=\"left\" style=\"margin: 11px\"><span style=\"font-size: 12pt; color:#444444\">&nbsp;<\/span><\/p>\n<p align=\"left\" style=\"margin: 11px\"><span style=\"font-size: 12pt; color:#444444\">&nbsp;<\/span><\/p>\n<p align=\"left\" style=\"margin: 11px\"><span style=\"font-size: 12pt; color:#444444\">&nbsp;<\/span><\/p>\n<p align=\"left\" style=\"margin: 11px\"><span style=\"font-size: 12pt; color:#444444\">&nbsp;<\/span><\/p>\n<p align=\"left\" style=\"margin: 11px\"><span style=\"font-size: 12pt; color:#444444\">&nbsp;<\/span><\/p>\n<p align=\"left\" style=\"margin: 11px\"><span style=\"font-size: 12pt; color:#444444\">&nbsp;<\/span><\/p>\n<p align=\"left\" style=\"margin: 11px\"><span style=\"font-size: 12pt; color:#444444\">&nbsp;<\/span><\/p>\n<p align=\"left\" style=\"margin: 11px\"><span style=\"font-size: 12pt; color:#444444\">&nbsp;<\/span><\/p>\n<p align=\"left\" style=\"margin: 11px\"><span style=\"font-size: 12pt; color:#444444\">&nbsp;<\/span><\/p>\n<p align=\"left\" style=\"margin: 11px\"><span style=\"font-size: 12pt; color:#444444\"><img loading=\"lazy\" decoding=\"async\" class=\"size-full wp-image-146 alignright\" alt=\"foto002\" src=\"https:\/\/otra-otro.org\/esp\/wp-content\/uploads\/2024\/11\/TapaLibro03.jpg\" width=\"350\" height=\"513\"><b>MATERNIZANDO LA MATRIZ.<\/b><\/span><\/p>\n<p align=\"left\" style=\"margin: 11px\"><span style=\"font-size: 12pt; color:#444444\">\u201cMATERNIZANDO LA MATRIZ es un libro lleno de magia, de saberes sin entender y saberes entendidos y vividos. Sus ense\u00f1anzas provienen de una pedagog\u00eda de la tierra, de los antepasados\u201d.<\/span><\/p>\n<p align=\"right\" style=\"margin: 11px\"><span style=\"font-size: 12pt; color:#444444\">Glenda Mej\u00eda, Maternizando la Matriz (Pr\u00f3logo).<\/span><\/p>\n<p align=\"left\" style=\"margin: 11px\"><span style=\"font-size: 12pt; color:#444444\">\u201cEn la \u00faltima parte de MATERNIZANDO LA MATRIZ, \u201cSin conclusiones y Con m\u00e1s preguntas\u201d, la autora nos da a conocer que ha creado su propia pedagog\u00eda, su pedagog\u00eda de espiral\u201d.<\/span><\/p>\n<p align=\"right\" style=\"margin: 11px\"><span style=\"font-size: 12pt; color:#444444\">Maya Cu, Maternizando la Matriz (Prefacio).<\/span><\/p>\n<p align=\"left\" style=\"margin: 11px\"><span style=\"font-size: 12pt; color:#444444\">\u201c\u2026como la uni\u00f3n de todo en la tierra que nos materniza, as\u00ed se unen los m\u00faltiples e inequ\u00edvocos sentidos en esta obra, matriz de todo lo no dicho, que no me atrevo a llamar libro para no limitar los espacios que excede\u201d.<\/span><\/p>\n<p align=\"right\" style=\"margin: 11px\"><span style=\"font-size: 12pt; color:#444444\">Miguel Angel Gardetti, Maternizando la Matriz (Introducci\u00f3n).<\/span><\/p>\n<p align=\"left\" style=\"margin: 11px\"><span style=\"font-size: 12pt; color:#444444\">Para descargar el e-Book <a href=\"https:\/\/insignia.net.ar\/otraotro\/otraotro003.asp\" target=\"_blank\" rel=\"noopener\"><span style=\"color: #004448;\"><b>clickee aqu\u00ed<\/b><\/span><\/a><\/span><\/p>\n<p align=\"left\" style=\"margin: 11px\"><span style=\"font-size: 12pt; color:#444444\">&nbsp;<\/span><\/p>\n<p align=\"left\" style=\"margin: 11px\"><span style=\"font-size: 12pt; color:#444444\">&nbsp;<\/span><\/p>\n<p align=\"left\" style=\"margin: 11px\"><span style=\"font-size: 12pt; color:#444444\">&nbsp;<\/span><\/p>\n<p align=\"left\" style=\"margin: 11px\"><span style=\"font-size: 12pt; color:#444444\">&nbsp;<\/span><\/p>\n<p align=\"left\" style=\"margin: 11px\"><span style=\"font-size: 12pt; color:#444444\">&nbsp;<\/span><\/p>\n","protected":false},"excerpt":{"rendered":"<p>REVOLUCI\u00d3N en la MODA y los TEXTILES:La NATURALEZA tiene DERECHOS. Evolucionar hacia los derechos de la naturaleza implica un cambio complejo y profundo: pasar del antropocentrismo al biocentrismo. Un desplazamiento exigente, pero absolutamente necesario. Al respecto, David Suzuki se\u00f1ala: \u201cSer\u00eda un signo de madurez para la humanidad admitir las profundas limitaciones del conocimiento humano y las consecuencias devastadoras derivadas de&nbsp;<a href=\"https:\/\/otra-otro.org\/esp\/e-books\/\" class=\"read-more\">Seguir leyendo<\/a><\/p>\n","protected":false},"author":2,"featured_media":0,"parent":0,"menu_order":0,"comment_status":"closed","ping_status":"closed","template":"page-fullwidth.php","meta":{"footnotes":""},"class_list":["post-61","page","type-page","status-publish","hentry"],"_links":{"self":[{"href":"https:\/\/otra-otro.org\/esp\/wp-json\/wp\/v2\/pages\/61","targetHints":{"allow":["GET"]}}],"collection":[{"href":"https:\/\/otra-otro.org\/esp\/wp-json\/wp\/v2\/pages"}],"about":[{"href":"https:\/\/otra-otro.org\/esp\/wp-json\/wp\/v2\/types\/page"}],"author":[{"embeddable":true,"href":"https:\/\/otra-otro.org\/esp\/wp-json\/wp\/v2\/users\/2"}],"replies":[{"embeddable":true,"href":"https:\/\/otra-otro.org\/esp\/wp-json\/wp\/v2\/comments?post=61"}],"version-history":[{"count":36,"href":"https:\/\/otra-otro.org\/esp\/wp-json\/wp\/v2\/pages\/61\/revisions"}],"predecessor-version":[{"id":297,"href":"https:\/\/otra-otro.org\/esp\/wp-json\/wp\/v2\/pages\/61\/revisions\/297"}],"wp:attachment":[{"href":"https:\/\/otra-otro.org\/esp\/wp-json\/wp\/v2\/media?parent=61"}],"curies":[{"name":"wp","href":"https:\/\/api.w.org\/{rel}","templated":true}]}}