{"id":15,"date":"2023-02-14T15:14:28","date_gmt":"2023-02-14T18:14:28","guid":{"rendered":"https:\/\/otra-otro.org\/esp\/?page_id=15"},"modified":"2026-03-19T17:21:43","modified_gmt":"2026-03-19T20:21:43","slug":"home","status":"publish","type":"page","link":"https:\/\/otra-otro.org\/esp\/","title":{"rendered":"HOME"},"content":{"rendered":"<div class=\"row\">\n<div class=\"span12\">\n<div class=\"how-we-can-help-wrap\">\n<h1><span style=\"font-size: 13pt; color:#444444\">Otra-Otro<\/span><\/h1>\n<figure class=\"thumbnail alignnone clearfix\">\n<div class=\"row-fluid\">\n<div class=\"clear\"><\/div>\n\n<!--\n\n<figure class=\"wp-block-gallery has-nested-images columns-default is-cropped wp-block-gallery-1 is-layout-flex wp-block-gallery-is-layout-flex\">\n<figure class=\"wp-block-image size-large\"><a href=\"https:\/\/otra-otro.org\/esp\/wp-content\/uploads\/2023\/02\/libro01.jpg\"><img loading=\"lazy\" decoding=\"async\" width=\"350\" height=\"500\" data-id=\"25\" src=\"https:\/\/otra-otro.org\/esp\/wp-content\/uploads\/2023\/02\/libro01.jpg\" alt=\"\" class=\"wp-image-25\" srcset=\"https:\/\/otra-otro.org\/esp\/wp-content\/uploads\/2023\/02\/libro01.jpg 350w, https:\/\/otra-otro.org\/esp\/wp-content\/uploads\/2023\/02\/libro01-210x300.jpg 210w\" sizes=\"auto, (max-width: 350px) 100vw, 350px\" \/><\/a><\/figure>\n\n\n\n<figure class=\"wp-block-image size-large\"><a href=\"https:\/\/otra-otro.org\/esp\/wp-content\/uploads\/2024\/02\/TapaLibro002.jpeg\"><img loading=\"lazy\" decoding=\"async\" width=\"350\" height=\"513\" data-id=\"193\" src=\"https:\/\/otra-otro.org\/esp\/wp-content\/uploads\/2024\/02\/TapaLibro002.jpeg\" alt=\"\" class=\"wp-image-193\" srcset=\"https:\/\/otra-otro.org\/esp\/wp-content\/uploads\/2024\/02\/TapaLibro002.jpeg 350w, https:\/\/otra-otro.org\/esp\/wp-content\/uploads\/2024\/02\/TapaLibro002-205x300.jpeg 205w\" sizes=\"auto, (max-width: 350px) 100vw, 350px\" \/><\/a><\/figure>\n\n\n\n<figure class=\"wp-block-image size-large\"><a href=\"https:\/\/otra-otro.org\/esp\/wp-content\/uploads\/2024\/11\/TapaLibro03.jpg\"><img loading=\"lazy\" decoding=\"async\" width=\"534\" height=\"732\" data-id=\"227\" src=\"https:\/\/otra-otro.org\/esp\/wp-content\/uploads\/2024\/11\/TapaLibro03.jpg\" alt=\"\" class=\"wp-image-227\" srcset=\"https:\/\/otra-otro.org\/esp\/wp-content\/uploads\/2024\/11\/TapaLibro03.jpg 534w, https:\/\/otra-otro.org\/esp\/wp-content\/uploads\/2024\/11\/TapaLibro03-219x300.jpg 219w\" sizes=\"auto, (max-width: 534px) 100vw, 534px\" \/><\/a><\/figure>\n<\/figure>\n\n-->\n\n<p align=\"left\" style=\"margin: 11px\"><span style=\"font-size: 12pt; color:#444444\"><img loading=\"lazy\" decoding=\"async\" class=\"size-full wp-image-146 alignleft\" alt=\"foto002\" src=\"https:\/\/otra-otro.org\/esp\/wp-content\/uploads\/2026\/03\/tapalibro20260319.jpg\" width=\"350\" height=\"500\"><b>REVOLUCI\u00d3N en la MODA y los TEXTILES:<\/br>La NATURALEZA tiene DERECHOS.<\/b><\/span><\/p>\n<p align=\"left\" style=\"margin: 11px\"><span style=\"font-size: 12pt; color:#444444\">Evolucionar hacia los derechos de la naturaleza implica un cambio complejo y profundo: pasar del antropocentrismo al biocentrismo. Un desplazamiento exigente, pero absolutamente necesario.<\/span><\/p>\n<p align=\"left\" style=\"margin: 11px\"><span style=\"font-size: 12pt; color:#444444\">Al respecto, David Suzuki se\u00f1ala: \u201cSer\u00eda un signo de madurez para la humanidad admitir las profundas limitaciones del conocimiento humano y las consecuencias devastadoras derivadas de nuestras tecnolog\u00edas (a\u00fan primitivas, pero cargadas de poder). Esto marcar\u00eda el inicio de la sabidur\u00eda y abrir\u00eda la puerta a la esperanza de reencontrar nuestro lugar en el orden natural\u201d.<\/span><\/p>\n<p align=\"left\" style=\"margin: 11px\"><span style=\"font-size: 12pt; color:#444444\">Este libro se inscribe en esa b\u00fasqueda y propone explorar c\u00f3mo integrar los Derechos de la Naturaleza en el \u00e1mbito de la moda y los textiles.<\/span><\/p>\n<p align=\"left\" style=\"margin: 11px\"><span style=\"font-size: 12pt; color:#444444\">&nbsp;<\/span><\/p>\n<p align=\"left\" style=\"margin: 11px\"><span style=\"font-size: 12pt; color:#444444\">&nbsp;<\/span><\/p>\n<p align=\"left\" style=\"margin: 11px\"><span style=\"font-size: 12pt; color:#444444\">&nbsp;<\/span><\/p>\n<p align=\"left\" style=\"margin: 11px\"><span style=\"font-size: 12pt; color:#444444\">&nbsp;<\/span><\/p>\n<p align=\"left\" style=\"margin: 11px\"><span style=\"font-size: 12pt; color:#444444\">&nbsp;<\/span><\/p>\n<p align=\"left\" style=\"margin: 11px\"><span style=\"font-size: 12pt; color:#444444\">&nbsp;<\/span><\/p>\n<p align=\"left\" style=\"margin: 11px\"><span style=\"font-size: 12pt; color:#444444\">&nbsp;<\/span><\/p>\n<p align=\"left\" style=\"margin: 11px\"><span style=\"font-size: 12pt; color:#444444\">&nbsp;<\/span><\/p>\n\n<!--\n<p align=\"left\" style=\"margin: 11px\"><span style=\"font-size: 12pt; color:#444444\">Siempre ense\u00f1\u00e9 que intentar lograr la sostenibilidad era un camino de aprendizaje continuo. Tambi\u00e9n ense\u00f1\u00e9 que la sostenibilidad era funci\u00f3n del conocimiento. Comenc\u00e9 a preguntarme por qu\u00e9 el proceso hacia la sostenibilidad en la industria textil y de la moda era muy lento. M\u00e1s que muy lento. Gracias a intelectuales\/acad\u00e9micos latinoamericanos que me interpelaron y me siguen interpelando, y gracias a tener la oportunidad de escuchar a quien normalmente no escuchamos, he aprendido \u2013en un proceso que ya lleva casi siete a\u00f1os- que si no analizamos las bases coloniales de la moda y los textiles y las bases econ\u00f3micas del desarrollo sostenible, y generemos nuevas formas de vida en las cuales integremos al ser humano en la naturaleza, ser\u00e1 dif\u00edcil -sino imposible- salir de la crisis civilizatoria en la cual nos encontramos.<\/span><\/p>\n<p align=\"right\" style=\"margin: 11px\"><span style=\"font-size: 12pt; color:#444444\">Miguel Angel Gardetti.<\/span><\/p>\n-->\n<\/div><\/figure>\n<\/div>\n<\/div>\n<\/div>","protected":false},"excerpt":{"rendered":"<p>Otra-Otro REVOLUCI\u00d3N en la MODA y los TEXTILES:La NATURALEZA tiene DERECHOS. Evolucionar hacia los derechos de la naturaleza implica un cambio complejo y profundo: pasar del antropocentrismo al biocentrismo. Un desplazamiento exigente, pero absolutamente necesario. Al respecto, David Suzuki se\u00f1ala: \u201cSer\u00eda un signo de madurez para la humanidad admitir las profundas limitaciones del conocimiento humano y las consecuencias devastadoras derivadas&nbsp;<a href=\"https:\/\/otra-otro.org\/esp\/\" class=\"read-more\">Seguir leyendo<\/a><\/p>\n","protected":false},"author":2,"featured_media":0,"parent":0,"menu_order":0,"comment_status":"closed","ping_status":"closed","template":"page-home.php","meta":{"footnotes":""},"class_list":["post-15","page","type-page","status-publish","hentry"],"_links":{"self":[{"href":"https:\/\/otra-otro.org\/esp\/wp-json\/wp\/v2\/pages\/15","targetHints":{"allow":["GET"]}}],"collection":[{"href":"https:\/\/otra-otro.org\/esp\/wp-json\/wp\/v2\/pages"}],"about":[{"href":"https:\/\/otra-otro.org\/esp\/wp-json\/wp\/v2\/types\/page"}],"author":[{"embeddable":true,"href":"https:\/\/otra-otro.org\/esp\/wp-json\/wp\/v2\/users\/2"}],"replies":[{"embeddable":true,"href":"https:\/\/otra-otro.org\/esp\/wp-json\/wp\/v2\/comments?post=15"}],"version-history":[{"count":20,"href":"https:\/\/otra-otro.org\/esp\/wp-json\/wp\/v2\/pages\/15\/revisions"}],"predecessor-version":[{"id":291,"href":"https:\/\/otra-otro.org\/esp\/wp-json\/wp\/v2\/pages\/15\/revisions\/291"}],"wp:attachment":[{"href":"https:\/\/otra-otro.org\/esp\/wp-json\/wp\/v2\/media?parent=15"}],"curies":[{"name":"wp","href":"https:\/\/api.w.org\/{rel}","templated":true}]}}